{"id":8975,"date":"2023-06-28T15:24:15","date_gmt":"2023-06-28T18:24:15","guid":{"rendered":"https:\/\/ikonbolsas.com.br\/bavemar\/?page_id=8975"},"modified":"2023-06-28T15:44:10","modified_gmt":"2023-06-28T18:44:10","slug":"inversores","status":"publish","type":"page","link":"https:\/\/bavemar.com.br\/index.php\/inversores\/","title":{"rendered":"Inversores"},"content":{"rendered":"<p>[vc_row][vc_column]\n\t\t<div id=\"wd-649c79965853a\" class=\"title-wrapper wd-wpb set-mb-s reset-last-child  wd-rs-649c79965853a wd-title-color-default wd-title-style-underlined-2 text-center  wd-underline-colored\">\n\t\t\t\n\t\t\t<div class=\"liner-continer\">\n\t\t\t\t<h4 class=\"woodmart-title-container title  wd-font-weight- wd-fontsize-l\" >AUTOMA\u00c7\u00c3O<\/h4>\n\t\t\t\t\t\t\t<\/div>\n\t\t\t\n\t\t\t\n\t\t\t\n\t\t<\/div>\n\t\t\n\t\t[\/vc_column][\/vc_row][vc_row][vc_column width=&#8221;1\/2&#8243;]\t\t<div id=\"wd-649c7be7d83e1\" class=\"wd-text-block wd-wpb reset-last-child wd-rs-649c7be7d83e1 text-left \">\n\t\t\t<p>Amplo laborat\u00f3rio para manuten\u00e7\u00e3o em Inversores de Frequ\u00eancia, Soft-Starters, Conversores CA \/CC. Atendemos qualquer marca ou modelo. Todos os equipamentos s\u00e3o testados em bancada com simulador de carga, com garantia sobre os servi\u00e7os executados;<\/p>\n<p>Atendimento externo para estudo, an\u00e1lise e solu\u00e7\u00e3o de problemas em equipamentos eletroeletr\u00f4nicos, pain\u00e9is el\u00e9tricos, sistemas de automa\u00e7\u00e3o e linhas de produ\u00e7\u00e3o;<\/p>\n<p>Atualiza\u00e7\u00e3o de pain\u00e9is el\u00e9tricos e similares;<\/p>\n<p>Projeto e montagem de pain\u00e9is el\u00e9tricos;<\/p>\n<p>Projeto, montagem e atualiza\u00e7\u00e3o de C.C.M\u00b4s (Centro de Controle de Motores), incluindo fabrica\u00e7\u00e3o \/ fornecimento de gavetas avulsas;<\/p>\n<p>Comissionamento e Start-up de pain\u00e9is el\u00e9tricos e similares;<\/p>\n<p>Presta\u00e7\u00e3o de servi\u00e7os preventivos e corretivos in company.<\/p>\n\t\t<\/div>\n\t\t[\/vc_column][vc_column width=&#8221;1\/2&#8243;][vc_single_image image=&#8221;8985&#8243; img_size=&#8221;full&#8221; parallax_scroll=&#8221;no&#8221; woodmart_inline=&#8221;no&#8221;][\/vc_column][\/vc_row][vc_row][vc_column][vc_single_image image=&#8221;8976&#8243; img_size=&#8221;FULL&#8221; alignment=&#8221;center&#8221; parallax_scroll=&#8221;no&#8221; woodmart_inline=&#8221;no&#8221;][\/vc_column][\/vc_row]<\/p>\n","protected":false},"excerpt":{"rendered":"<p>[vc_row][vc_column][\/vc_column][\/vc_row][vc_row][vc_column width=&#8221;1\/2&#8243;][\/vc_column][vc_column width=&#8221;1\/2&#8243;][vc_single_image image=&#8221;8985&#8243; img_size=&#8221;full&#8221; parallax_scroll=&#8221;no&#8221; woodmart_inline=&#8221;no&#8221;][\/vc_column][\/vc_row][vc_row][vc_column][vc_single_image image=&#8221;8976&#8243; img_size=&#8221;FULL&#8221; alignment=&#8221;center&#8221; parallax_scroll=&#8221;no&#8221; woodmart_inline=&#8221;no&#8221;][\/vc_column][\/vc_row]<\/p>\n","protected":false},"author":1,"featured_media":0,"parent":0,"menu_order":0,"comment_status":"closed","ping_status":"closed","template":"","meta":{"footnotes":""},"class_list":["post-8975","page","type-page","status-publish","hentry"],"_links":{"self":[{"href":"https:\/\/bavemar.com.br\/index.php\/wp-json\/wp\/v2\/pages\/8975","targetHints":{"allow":["GET"]}}],"collection":[{"href":"https:\/\/bavemar.com.br\/index.php\/wp-json\/wp\/v2\/pages"}],"about":[{"href":"https:\/\/bavemar.com.br\/index.php\/wp-json\/wp\/v2\/types\/page"}],"author":[{"embeddable":true,"href":"https:\/\/bavemar.com.br\/index.php\/wp-json\/wp\/v2\/users\/1"}],"replies":[{"embeddable":true,"href":"https:\/\/bavemar.com.br\/index.php\/wp-json\/wp\/v2\/comments?post=8975"}],"version-history":[{"count":6,"href":"https:\/\/bavemar.com.br\/index.php\/wp-json\/wp\/v2\/pages\/8975\/revisions"}],"predecessor-version":[{"id":8986,"href":"https:\/\/bavemar.com.br\/index.php\/wp-json\/wp\/v2\/pages\/8975\/revisions\/8986"}],"wp:attachment":[{"href":"https:\/\/bavemar.com.br\/index.php\/wp-json\/wp\/v2\/media?parent=8975"}],"curies":[{"name":"wp","href":"https:\/\/api.w.org\/{rel}","templated":true}]}}