{"id":8932,"date":"2023-06-26T22:23:23","date_gmt":"2023-06-27T01:23:23","guid":{"rendered":"https:\/\/ikonbolsas.com.br\/bavemar\/?page_id=8932"},"modified":"2023-06-26T22:44:08","modified_gmt":"2023-06-27T01:44:08","slug":"estrutura","status":"publish","type":"page","link":"https:\/\/bavemar.com.br\/index.php\/estrutura\/","title":{"rendered":"Estrutura"},"content":{"rendered":"<p>[vc_row][vc_column]\n\t\t<div id=\"wd-649a3921382da\" class=\"title-wrapper wd-wpb set-mb-s reset-last-child  wd-rs-649a3921382da wd-title-color-default wd-title-style-underlined-2 text-center  wd-underline-colored\">\n\t\t\t\n\t\t\t<div class=\"liner-continer\">\n\t\t\t\t<h4 class=\"woodmart-title-container title  wd-font-weight- wd-fontsize-l\" >ESTRUTURA<\/h4>\n\t\t\t\t\t\t\t<\/div>\n\t\t\t\n\t\t\t\n\t\t\t\n\t\t<\/div>\n\t\t\n\t\t[\/vc_column][\/vc_row][vc_row][vc_column width=&#8221;1\/2&#8243;]\t\t<div id=\"wd-649a39efde95e\" class=\"wd-text-block wd-wpb reset-last-child wd-rs-649a39efde95e text-left \">\n\t\t\t<p>Contamos com uma excelente estrutura de 1.800m\u00b2 e temos equipamentos necess\u00e1rios para a presta\u00e7\u00e3o de nossos servi\u00e7os.<\/p>\n\t\t<\/div>\n\t\t\t\t<div id=\"wd-649a39609f596\" class=\"wd-text-block wd-wpb reset-last-child wd-rs-649a39609f596 text-left font-alt \">\n\t\t\t<p>Envernizadora impregnadora a v\u00e1cuo;<br \/>\nPonte rolante 3,00tn; 5,00tn e 10,00tn;<br \/>\nTorno de \u00f8500mm por 0,50m de comprimento;<br \/>\nTorno de \u00f81300mm por 3,00m de comprimento;<br \/>\nTorno de \u00f81500mm por 6,00m de comprimento;<br \/>\nM\u00e1quinas el\u00e9tricas de solda;<br \/>\nFresadora universal MAS ISO 50;<br \/>\nFresadora ferramental Bull Steel;<br \/>\nFuradeiras de bancadas n\u00b002, 03 e 04;<br \/>\nPlaina limadora 800mm;<br \/>\nFuradeiras de coluna;<br \/>\nPrensa exc\u00eantrica 1,00tn;<br \/>\nM\u00e1quina Especial para Fabrica\u00e7\u00e3o de Bobinas;<br \/>\nGuincho hidr\u00e1ulico;<br \/>\nEstufas (Temperatura Controlada);<br \/>\nTalhas manuais (0,50tn a 3,00tn);<br \/>\nTalhas el\u00e9tricas para 1,00tn e 3,00tn;<br \/>\nAparelhos de medi\u00e7\u00f5es el\u00e9tricos e eletr\u00f4nicos;<br \/>\nAparelhos de medi\u00e7\u00f5es para usinagem;<br \/>\nHidro jateadora;<br \/>\nTeste Hipot;<br \/>\nBancada de teste;<br \/>\nOscilosc\u00f3pio;<br \/>\nSurge Test;<br \/>\nAn\u00e1lise de vibra\u00e7\u00e3o;<br \/>\nPrensa hidr\u00e1ulica de 150tn;<br \/>\nPrensa hidr\u00e1ulica de 15tn;<br \/>\nSerra para cortes de materiais;<br \/>\nPolicorte \u00f8280mm;<br \/>\nTeste de carga para inversores de frequ\u00eancia;<br \/>\nBancada para conserto de cart\u00f5es eletr\u00f4nicos;<br \/>\nInstrumenta\u00e7\u00e3o completa para conserto e testes em inversores de frequ\u00eancia<br \/>\nBancada de testes CC;<br \/>\nEquipamento para extra\u00e7\u00e3o de inversores de frequ\u00eancia de pain\u00e9is.<\/p>\n\t\t<\/div>\n\t\t[\/vc_column][vc_column width=&#8221;1\/2&#8243;][vc_single_image image=&#8221;8940&#8243; img_size=&#8221;full&#8221; parallax_scroll=&#8221;no&#8221; woodmart_inline=&#8221;no&#8221;][\/vc_column][\/vc_row]<\/p>\n","protected":false},"excerpt":{"rendered":"<p>[vc_row][vc_column][\/vc_column][\/vc_row][vc_row][vc_column width=&#8221;1\/2&#8243;][\/vc_column][vc_column width=&#8221;1\/2&#8243;][vc_single_image image=&#8221;8940&#8243; img_size=&#8221;full&#8221; parallax_scroll=&#8221;no&#8221; woodmart_inline=&#8221;no&#8221;][\/vc_column][\/vc_row]<\/p>\n","protected":false},"author":1,"featured_media":0,"parent":0,"menu_order":0,"comment_status":"closed","ping_status":"closed","template":"","meta":{"footnotes":""},"class_list":["post-8932","page","type-page","status-publish","hentry"],"_links":{"self":[{"href":"https:\/\/bavemar.com.br\/index.php\/wp-json\/wp\/v2\/pages\/8932","targetHints":{"allow":["GET"]}}],"collection":[{"href":"https:\/\/bavemar.com.br\/index.php\/wp-json\/wp\/v2\/pages"}],"about":[{"href":"https:\/\/bavemar.com.br\/index.php\/wp-json\/wp\/v2\/types\/page"}],"author":[{"embeddable":true,"href":"https:\/\/bavemar.com.br\/index.php\/wp-json\/wp\/v2\/users\/1"}],"replies":[{"embeddable":true,"href":"https:\/\/bavemar.com.br\/index.php\/wp-json\/wp\/v2\/comments?post=8932"}],"version-history":[{"count":4,"href":"https:\/\/bavemar.com.br\/index.php\/wp-json\/wp\/v2\/pages\/8932\/revisions"}],"predecessor-version":[{"id":8942,"href":"https:\/\/bavemar.com.br\/index.php\/wp-json\/wp\/v2\/pages\/8932\/revisions\/8942"}],"wp:attachment":[{"href":"https:\/\/bavemar.com.br\/index.php\/wp-json\/wp\/v2\/media?parent=8932"}],"curies":[{"name":"wp","href":"https:\/\/api.w.org\/{rel}","templated":true}]}}