{"id":8923,"date":"2023-06-20T21:02:32","date_gmt":"2023-06-21T00:02:32","guid":{"rendered":"https:\/\/ikonbolsas.com.br\/bavemar\/?page_id=8923"},"modified":"2023-06-26T22:15:42","modified_gmt":"2023-06-27T01:15:42","slug":"servicos-2","status":"publish","type":"page","link":"https:\/\/bavemar.com.br\/index.php\/servicos-2\/","title":{"rendered":"Servi\u00e7os"},"content":{"rendered":"<p>[vc_row][vc_column]\n\t\t<div id=\"wd-64923d2961ff0\" class=\"title-wrapper wd-wpb set-mb-s reset-last-child  wd-rs-64923d2961ff0 wd-title-color-default wd-title-style-underlined-2 text-center  wd-underline-colored\">\n\t\t\t\n\t\t\t<div class=\"liner-continer\">\n\t\t\t\t<h4 class=\"woodmart-title-container title  wd-font-weight- wd-fontsize-l\" >SERVI\u00c7OS<\/h4>\n\t\t\t\t\t\t\t<\/div>\n\t\t\t\n\t\t\t\n\t\t\t\n\t\t<\/div>\n\t\t\n\t\t[\/vc_column][\/vc_row][vc_row][vc_column width=&#8221;1\/2&#8243;]\n\t\t<div id=\"wd-649a37b0403cd\" class=\"title-wrapper wd-wpb set-mb-s reset-last-child  wd-rs-649a37b0403cd wd-title-color-default wd-title-style-underlined-2 text-center  wd-underline-colored\">\n\t\t\t\n\t\t\t<div class=\"liner-continer\">\n\t\t\t\t<h4 class=\"woodmart-title-container title  wd-font-weight- wd-fontsize-l\" >SERVI\u00c7OS E MANUTEN\u00c7\u00d5ES - MOTORES CC\/CA (AT. EX), GERADORES,<br \/>\nTRANSFORMADORES, REDUTORES, BOMBAS E MOTOBOMBAS.<\/h4>\n\t\t\t\t\t\t\t<\/div>\n\t\t\t\n\t\t\t\n\t\t\t\n\t\t<\/div>\n\t\t\n\t\t\t\t<div id=\"wd-649a37cca6c57\" class=\"wd-text-block wd-wpb reset-last-child wd-rs-649a37cca6c57 text-left \">\n\t\t\t<p>Al\u00e9m de distribuidor WEG (AT EX) na linha de motores e pe\u00e7as, tamb\u00e9m executamos manuten\u00e7\u00f5es em todos os motores de diferentes marcas, modelos e pot\u00eancia.<\/p>\n\t\t<\/div>\n\t\t\n\t\t<div id=\"wd-649a38206fd54\" class=\"title-wrapper wd-wpb set-mb-s reset-last-child  wd-rs-649a38206fd54 wd-title-color-default wd-title-style-underlined-2 text-center  wd-underline-colored\">\n\t\t\t\n\t\t\t<div class=\"liner-continer\">\n\t\t\t\t<h4 class=\"woodmart-title-container title  wd-font-weight- wd-fontsize-l\" >Executamos os seguintes servi\u00e7os:<\/h4>\n\t\t\t\t\t\t\t<\/div>\n\t\t\t\n\t\t\t\n\t\t\t\n\t\t<\/div>\n\t\t\n\t\t\t\t<div id=\"wd-64923d3dddfaa\" class=\"wd-text-block wd-wpb reset-last-child wd-rs-64923d3dddfaa text-left font-alt \">\n\t\t\t<p>An\u00e1lise e Peritagem;<br \/>\nDesmontagem do motor<br \/>\nTestes do estator;<br \/>\nRebobinamento quando necess\u00e1rio;<br \/>\nMedi\u00e7\u00f5es das tampas;<br \/>\nMedi\u00e7\u00f5es dos eixos no colo do rolamento;<br \/>\nSubstitui\u00e7\u00e3o do ventilador quando necess\u00e1rio;<br \/>\nTratamento (Jateamento, lavagem, secagem e envernizamento);<br \/>\nSubstitui\u00e7\u00e3o da prote\u00e7\u00e3o do ventilador, tampa defletora quando necess\u00e1rio;<br \/>\nSubstitui\u00e7\u00e3o da caixa de liga\u00e7\u00e3o quando necess\u00e1rio;<br \/>\nSubstitui\u00e7\u00e3o de rolamento quando necess\u00e1rio;<br \/>\nRecupera\u00e7\u00e3o estrutural;<br \/>\nSubstitui\u00e7\u00e3o de veda\u00e7\u00f5es\/selos mec\u00e2nicos;<br \/>\nFornecimento e substitui\u00e7\u00e3o de rotores impelidores (bombas e motobombas);<br \/>\nBalanceamento din\u00e2mico;<br \/>\nTestes de bancada;<br \/>\nPintura dos equipamentos.<\/p>\n\t\t<\/div>\n\t\t[\/vc_column][vc_column width=&#8221;1\/2&#8243;][vc_single_image image=&#8221;8924&#8243; img_size=&#8221;500&#215;500&#8243; alignment=&#8221;center&#8221; parallax_scroll=&#8221;no&#8221; woodmart_inline=&#8221;no&#8221;][\/vc_column][\/vc_row]<\/p>\n","protected":false},"excerpt":{"rendered":"<p>[vc_row][vc_column][\/vc_column][\/vc_row][vc_row][vc_column width=&#8221;1\/2&#8243;][\/vc_column][vc_column width=&#8221;1\/2&#8243;][vc_single_image image=&#8221;8924&#8243; img_size=&#8221;500&#215;500&#8243; alignment=&#8221;center&#8221; parallax_scroll=&#8221;no&#8221; woodmart_inline=&#8221;no&#8221;][\/vc_column][\/vc_row]<\/p>\n","protected":false},"author":1,"featured_media":0,"parent":0,"menu_order":0,"comment_status":"closed","ping_status":"closed","template":"","meta":{"footnotes":""},"class_list":["post-8923","page","type-page","status-publish","hentry"],"_links":{"self":[{"href":"https:\/\/bavemar.com.br\/index.php\/wp-json\/wp\/v2\/pages\/8923","targetHints":{"allow":["GET"]}}],"collection":[{"href":"https:\/\/bavemar.com.br\/index.php\/wp-json\/wp\/v2\/pages"}],"about":[{"href":"https:\/\/bavemar.com.br\/index.php\/wp-json\/wp\/v2\/types\/page"}],"author":[{"embeddable":true,"href":"https:\/\/bavemar.com.br\/index.php\/wp-json\/wp\/v2\/users\/1"}],"replies":[{"embeddable":true,"href":"https:\/\/bavemar.com.br\/index.php\/wp-json\/wp\/v2\/comments?post=8923"}],"version-history":[{"count":4,"href":"https:\/\/bavemar.com.br\/index.php\/wp-json\/wp\/v2\/pages\/8923\/revisions"}],"predecessor-version":[{"id":8935,"href":"https:\/\/bavemar.com.br\/index.php\/wp-json\/wp\/v2\/pages\/8923\/revisions\/8935"}],"wp:attachment":[{"href":"https:\/\/bavemar.com.br\/index.php\/wp-json\/wp\/v2\/media?parent=8923"}],"curies":[{"name":"wp","href":"https:\/\/api.w.org\/{rel}","templated":true}]}}