{"id":8918,"date":"2023-06-20T20:52:00","date_gmt":"2023-06-20T23:52:00","guid":{"rendered":"https:\/\/ikonbolsas.com.br\/bavemar\/?page_id=8918"},"modified":"2023-06-20T20:52:00","modified_gmt":"2023-06-20T23:52:00","slug":"estoque","status":"publish","type":"page","link":"https:\/\/bavemar.com.br\/index.php\/estoque\/","title":{"rendered":"Estoque"},"content":{"rendered":"<p>[vc_row][vc_column]\n\t\t<div id=\"wd-649239ed817dc\" class=\"title-wrapper wd-wpb set-mb-s reset-last-child  wd-rs-649239ed817dc wd-title-color-default wd-title-style-underlined-2 text-center  wd-underline-colored\">\n\t\t\t\n\t\t\t<div class=\"liner-continer\">\n\t\t\t\t<h4 class=\"woodmart-title-container title  wd-font-weight- wd-fontsize-l\" >ESTOQUE<\/h4>\n\t\t\t\t\t\t\t<\/div>\n\t\t\t\n\t\t\t\n\t\t\t\n\t\t<\/div>\n\t\t\n\t\t[\/vc_column][\/vc_row][vc_row][vc_column width=&#8221;1\/2&#8243;]\t\t<div id=\"wd-64923a70b1c27\" class=\"wd-text-block wd-wpb reset-last-child wd-rs-64923a70b1c27 text-left font-alt \">\n\t\t\t<p>Temos em nosso estoque diversos itens, tais como:<\/p>\n<p>Motores com tampa flangeada e tampa comum com as mais variadas tens\u00f5es de alimenta\u00e7\u00e3o a pronta entrega;<\/p>\n<p>Motobombas de pot\u00eancia\/capacidade variada;<\/p>\n<p>Pe\u00e7as para reposi\u00e7\u00e3o e manuten\u00e7\u00e3o de motores;<\/p>\n<p>Pe\u00e7as para reposi\u00e7\u00e3o e manuten\u00e7\u00e3o de drives.<\/p>\n\t\t<\/div>\n\t\t[\/vc_column][vc_column width=&#8221;1\/2&#8243;][vc_single_image image=&#8221;8919&#8243; img_size=&#8221;500&#215;500&#8243; alignment=&#8221;center&#8221; parallax_scroll=&#8221;no&#8221; woodmart_inline=&#8221;no&#8221;][\/vc_column][\/vc_row]<\/p>\n","protected":false},"excerpt":{"rendered":"<p>[vc_row][vc_column][\/vc_column][\/vc_row][vc_row][vc_column width=&#8221;1\/2&#8243;][\/vc_column][vc_column width=&#8221;1\/2&#8243;][vc_single_image image=&#8221;8919&#8243; img_size=&#8221;500&#215;500&#8243; alignment=&#8221;center&#8221; parallax_scroll=&#8221;no&#8221; woodmart_inline=&#8221;no&#8221;][\/vc_column][\/vc_row]<\/p>\n","protected":false},"author":1,"featured_media":0,"parent":0,"menu_order":0,"comment_status":"closed","ping_status":"closed","template":"","meta":{"footnotes":""},"class_list":["post-8918","page","type-page","status-publish","hentry"],"_links":{"self":[{"href":"https:\/\/bavemar.com.br\/index.php\/wp-json\/wp\/v2\/pages\/8918","targetHints":{"allow":["GET"]}}],"collection":[{"href":"https:\/\/bavemar.com.br\/index.php\/wp-json\/wp\/v2\/pages"}],"about":[{"href":"https:\/\/bavemar.com.br\/index.php\/wp-json\/wp\/v2\/types\/page"}],"author":[{"embeddable":true,"href":"https:\/\/bavemar.com.br\/index.php\/wp-json\/wp\/v2\/users\/1"}],"replies":[{"embeddable":true,"href":"https:\/\/bavemar.com.br\/index.php\/wp-json\/wp\/v2\/comments?post=8918"}],"version-history":[{"count":1,"href":"https:\/\/bavemar.com.br\/index.php\/wp-json\/wp\/v2\/pages\/8918\/revisions"}],"predecessor-version":[{"id":8920,"href":"https:\/\/bavemar.com.br\/index.php\/wp-json\/wp\/v2\/pages\/8918\/revisions\/8920"}],"wp:attachment":[{"href":"https:\/\/bavemar.com.br\/index.php\/wp-json\/wp\/v2\/media?parent=8918"}],"curies":[{"name":"wp","href":"https:\/\/api.w.org\/{rel}","templated":true}]}}