{"id":8915,"date":"2023-06-20T20:42:42","date_gmt":"2023-06-20T23:42:42","guid":{"rendered":"https:\/\/ikonbolsas.com.br\/bavemar\/?page_id=8915"},"modified":"2023-06-20T20:42:42","modified_gmt":"2023-06-20T23:42:42","slug":"qualidade","status":"publish","type":"page","link":"https:\/\/bavemar.com.br\/index.php\/qualidade\/","title":{"rendered":"Qualidade"},"content":{"rendered":"<p>[vc_row][vc_column]\n\t\t<div id=\"wd-649237e554eac\" class=\"title-wrapper wd-wpb set-mb-s reset-last-child  wd-rs-649237e554eac wd-title-color-default wd-title-style-underlined-2 text-center  wd-underline-colored\">\n\t\t\t\n\t\t\t<div class=\"liner-continer\">\n\t\t\t\t<h4 class=\"woodmart-title-container title  wd-font-weight- wd-fontsize-l\" >QUALIDADE<\/h4>\n\t\t\t\t\t\t\t<\/div>\n\t\t\t\n\t\t\t\n\t\t\t\n\t\t<\/div>\n\t\t\n\t\t[\/vc_column][\/vc_row][vc_row][vc_column width=&#8221;1\/2&#8243;]\t\t<div id=\"wd-6492380ec6614\" class=\"wd-text-block wd-wpb reset-last-child wd-rs-6492380ec6614 text-left font-alt \">\n\t\t\t<p>A Eletrot\u00e9cnica Bavemar Ltda ME., possui certifica\u00e7\u00f5es ISO 9001:15 e AT Explosiva DNV 22OS0079 (DNV &#8211; Business Assurance);<\/p>\n<p>S\u00e3o respeitadas as normas ABNT (NBR 17094-1-2:2008 \/ NBR 5457:1980 \/ NBR 5383-1:2002) e para limites da severidade de vibra\u00e7\u00e3o mec\u00e2nica ABNT (NBR 11390:1990 e NBR 10082:1987);<\/p>\n<p>O controle da qualidade \u00e9 acompanhado por especialistas registrados no CREA;<\/p>\n<p>S\u00e3o atendidos procedimentos especiais de controle de qualidade eventualmente solicitados pelos nossos clientes colaboradores;<\/p>\n<p>Nossos instrumentos e ferramental necess\u00e1rios s\u00e3o periodicamente aferidos, conforme previsto em norma;<\/p>\n<p>Sistema de rastreabilidade de todos os equipamentos reparados, bem como seus utens\u00edlios necess\u00e1rios para efetiva\u00e7\u00e3o dos reparos;<\/p>\n<p>S\u00e3o realizados treinamentos\/reciclagens internas, bem como quando necess\u00e1rio nos fabricantes nos quais somos credenciados;<\/p>\n\t\t<\/div>\n\t\t[\/vc_column][vc_column width=&#8221;1\/2&#8243;][vc_single_image image=&#8221;8916&#8243; img_size=&#8221;500X500&#8243; alignment=&#8221;center&#8221; parallax_scroll=&#8221;no&#8221; woodmart_inline=&#8221;no&#8221;][\/vc_column][\/vc_row]<\/p>\n","protected":false},"excerpt":{"rendered":"<p>[vc_row][vc_column][\/vc_column][\/vc_row][vc_row][vc_column width=&#8221;1\/2&#8243;][\/vc_column][vc_column width=&#8221;1\/2&#8243;][vc_single_image image=&#8221;8916&#8243; img_size=&#8221;500X500&#8243; alignment=&#8221;center&#8221; parallax_scroll=&#8221;no&#8221; woodmart_inline=&#8221;no&#8221;][\/vc_column][\/vc_row]<\/p>\n","protected":false},"author":1,"featured_media":0,"parent":0,"menu_order":0,"comment_status":"closed","ping_status":"closed","template":"","meta":{"footnotes":""},"class_list":["post-8915","page","type-page","status-publish","hentry"],"_links":{"self":[{"href":"https:\/\/bavemar.com.br\/index.php\/wp-json\/wp\/v2\/pages\/8915","targetHints":{"allow":["GET"]}}],"collection":[{"href":"https:\/\/bavemar.com.br\/index.php\/wp-json\/wp\/v2\/pages"}],"about":[{"href":"https:\/\/bavemar.com.br\/index.php\/wp-json\/wp\/v2\/types\/page"}],"author":[{"embeddable":true,"href":"https:\/\/bavemar.com.br\/index.php\/wp-json\/wp\/v2\/users\/1"}],"replies":[{"embeddable":true,"href":"https:\/\/bavemar.com.br\/index.php\/wp-json\/wp\/v2\/comments?post=8915"}],"version-history":[{"count":1,"href":"https:\/\/bavemar.com.br\/index.php\/wp-json\/wp\/v2\/pages\/8915\/revisions"}],"predecessor-version":[{"id":8917,"href":"https:\/\/bavemar.com.br\/index.php\/wp-json\/wp\/v2\/pages\/8915\/revisions\/8917"}],"wp:attachment":[{"href":"https:\/\/bavemar.com.br\/index.php\/wp-json\/wp\/v2\/media?parent=8915"}],"curies":[{"name":"wp","href":"https:\/\/api.w.org\/{rel}","templated":true}]}}