{"id":8910,"date":"2023-06-20T20:28:28","date_gmt":"2023-06-20T23:28:28","guid":{"rendered":"https:\/\/ikonbolsas.com.br\/bavemar\/?page_id=8910"},"modified":"2023-06-20T20:28:28","modified_gmt":"2023-06-20T23:28:28","slug":"representacoes","status":"publish","type":"page","link":"https:\/\/bavemar.com.br\/index.php\/representacoes\/","title":{"rendered":"Representa\u00e7\u00f5es"},"content":{"rendered":"<p>[vc_row][vc_column]\n\t\t<div id=\"wd-64923502bc333\" class=\"title-wrapper wd-wpb set-mb-s reset-last-child  wd-rs-64923502bc333 wd-title-color-default wd-title-style-default text-center  wd-underline-colored\">\n\t\t\t\n\t\t\t<div class=\"liner-continer\">\n\t\t\t\t<h4 class=\"woodmart-title-container title  wd-font-weight- wd-fontsize-l\" >REPRESENTA\u00c7\u00d5ES<\/h4>\n\t\t\t\t\t\t\t<\/div>\n\t\t\t\n\t\t\t\n\t\t\t\n\t\t<\/div>\n\t\t\n\t\t[\/vc_column][\/vc_row][vc_row][vc_column width=&#8221;1\/2&#8243;]\t\t<div id=\"wd-6492361250f97\" class=\"wd-text-block wd-wpb reset-last-child wd-rs-6492361250f97 text-left font-alt \">\n\t\t\t<p><strong>WEG<\/strong>: Revenda e assist\u00eancia t\u00e9cnica autorizada WEG na linha de motores (AT Ex d, EX e Ex n, Ex t) e automa\u00e7\u00e3o (Drives e Inversores), pe\u00e7as de reposi\u00e7\u00e3o, tintas industriais e vernizes;<\/p>\n<p><strong>KSB<\/strong>: Assist\u00eancia t\u00e9cnica autorizada KSB e venda na linha de bombas;<\/p>\n<p><strong>SCHNEIDER<\/strong>: Representante autorizada de bombas Schneider;<\/p>\n<p><strong>FAMC<\/strong>: Assist\u00eancia t\u00e9cnica autorizada e venda na linha de bombas<\/p>\n\t\t<\/div>\n\t\t[\/vc_column][vc_column width=&#8221;1\/2&#8243;][vc_single_image image=&#8221;8911&#8243; img_size=&#8221;500&#215;500&#8243; alignment=&#8221;center&#8221; parallax_scroll=&#8221;no&#8221; woodmart_inline=&#8221;no&#8221;][\/vc_column][\/vc_row]<\/p>\n","protected":false},"excerpt":{"rendered":"<p>[vc_row][vc_column][\/vc_column][\/vc_row][vc_row][vc_column width=&#8221;1\/2&#8243;][\/vc_column][vc_column width=&#8221;1\/2&#8243;][vc_single_image image=&#8221;8911&#8243; img_size=&#8221;500&#215;500&#8243; alignment=&#8221;center&#8221; parallax_scroll=&#8221;no&#8221; woodmart_inline=&#8221;no&#8221;][\/vc_column][\/vc_row]<\/p>\n","protected":false},"author":1,"featured_media":0,"parent":0,"menu_order":0,"comment_status":"closed","ping_status":"closed","template":"","meta":{"footnotes":""},"class_list":["post-8910","page","type-page","status-publish","hentry"],"_links":{"self":[{"href":"https:\/\/bavemar.com.br\/index.php\/wp-json\/wp\/v2\/pages\/8910","targetHints":{"allow":["GET"]}}],"collection":[{"href":"https:\/\/bavemar.com.br\/index.php\/wp-json\/wp\/v2\/pages"}],"about":[{"href":"https:\/\/bavemar.com.br\/index.php\/wp-json\/wp\/v2\/types\/page"}],"author":[{"embeddable":true,"href":"https:\/\/bavemar.com.br\/index.php\/wp-json\/wp\/v2\/users\/1"}],"replies":[{"embeddable":true,"href":"https:\/\/bavemar.com.br\/index.php\/wp-json\/wp\/v2\/comments?post=8910"}],"version-history":[{"count":1,"href":"https:\/\/bavemar.com.br\/index.php\/wp-json\/wp\/v2\/pages\/8910\/revisions"}],"predecessor-version":[{"id":8912,"href":"https:\/\/bavemar.com.br\/index.php\/wp-json\/wp\/v2\/pages\/8910\/revisions\/8912"}],"wp:attachment":[{"href":"https:\/\/bavemar.com.br\/index.php\/wp-json\/wp\/v2\/media?parent=8910"}],"curies":[{"name":"wp","href":"https:\/\/api.w.org\/{rel}","templated":true}]}}