{"id":8906,"date":"2023-06-20T20:17:16","date_gmt":"2023-06-20T23:17:16","guid":{"rendered":"https:\/\/ikonbolsas.com.br\/bavemar\/?page_id=8906"},"modified":"2023-06-20T20:19:11","modified_gmt":"2023-06-20T23:19:11","slug":"especializacoes","status":"publish","type":"page","link":"https:\/\/bavemar.com.br\/index.php\/especializacoes\/","title":{"rendered":"Especializa\u00e7\u00f5es"},"content":{"rendered":"<p>[vc_row][vc_column]\n\t\t<div id=\"wd-6492331a7243e\" class=\"title-wrapper wd-wpb set-mb-s reset-last-child  wd-rs-6492331a7243e wd-title-color-default wd-title-style-underlined-2 text-center  wd-underline-colored\">\n\t\t\t\n\t\t\t<div class=\"liner-continer\">\n\t\t\t\t<h4 class=\"woodmart-title-container title  wd-font-weight- wd-fontsize-l\" >ESPECIALIZA\u00c7\u00d5ES<\/h4>\n\t\t\t\t\t\t\t<\/div>\n\t\t\t\n\t\t\t\n\t\t\t\n\t\t<\/div>\n\t\t\n\t\t[\/vc_column][\/vc_row][vc_row][vc_column width=&#8221;1\/2&#8243;]\t\t<div id=\"wd-649233e8037fd\" class=\"wd-text-block wd-wpb reset-last-child wd-rs-649233e8037fd text-left font-alt \">\n\t\t\t<p>Atuando no segmento residencial, industrial e naval Offshore, A Eletrot\u00e9cnica Bavemar \u00e9 especializada na venda, manuten\u00e7\u00e3o e enrolamento de motores el\u00e9tricos (CA e CC), geradores de energia\/alternadores, manuten\u00e7\u00e3o em inversores de frequ\u00eancia, soft-starters, conversores CA\/CC, pain\u00e9is em geral, bombas d\u2019\u00e1gua, redutores recupera\u00e7\u00e3o de estruturas e usinagem de pe\u00e7as em geral.<\/p>\n\t\t<\/div>\n\t\t[\/vc_column][vc_column width=&#8221;1\/2&#8243;][vc_single_image image=&#8221;8908&#8243; img_size=&#8221;500X500&#8243; alignment=&#8221;center&#8221; parallax_scroll=&#8221;no&#8221; woodmart_inline=&#8221;no&#8221;][\/vc_column][\/vc_row]<\/p>\n","protected":false},"excerpt":{"rendered":"<p>[vc_row][vc_column][\/vc_column][\/vc_row][vc_row][vc_column width=&#8221;1\/2&#8243;][\/vc_column][vc_column width=&#8221;1\/2&#8243;][vc_single_image image=&#8221;8908&#8243; img_size=&#8221;500X500&#8243; alignment=&#8221;center&#8221; parallax_scroll=&#8221;no&#8221; woodmart_inline=&#8221;no&#8221;][\/vc_column][\/vc_row]<\/p>\n","protected":false},"author":1,"featured_media":0,"parent":0,"menu_order":0,"comment_status":"closed","ping_status":"closed","template":"","meta":{"footnotes":""},"class_list":["post-8906","page","type-page","status-publish","hentry"],"_links":{"self":[{"href":"https:\/\/bavemar.com.br\/index.php\/wp-json\/wp\/v2\/pages\/8906","targetHints":{"allow":["GET"]}}],"collection":[{"href":"https:\/\/bavemar.com.br\/index.php\/wp-json\/wp\/v2\/pages"}],"about":[{"href":"https:\/\/bavemar.com.br\/index.php\/wp-json\/wp\/v2\/types\/page"}],"author":[{"embeddable":true,"href":"https:\/\/bavemar.com.br\/index.php\/wp-json\/wp\/v2\/users\/1"}],"replies":[{"embeddable":true,"href":"https:\/\/bavemar.com.br\/index.php\/wp-json\/wp\/v2\/comments?post=8906"}],"version-history":[{"count":2,"href":"https:\/\/bavemar.com.br\/index.php\/wp-json\/wp\/v2\/pages\/8906\/revisions"}],"predecessor-version":[{"id":8909,"href":"https:\/\/bavemar.com.br\/index.php\/wp-json\/wp\/v2\/pages\/8906\/revisions\/8909"}],"wp:attachment":[{"href":"https:\/\/bavemar.com.br\/index.php\/wp-json\/wp\/v2\/media?parent=8906"}],"curies":[{"name":"wp","href":"https:\/\/api.w.org\/{rel}","templated":true}]}}