{"id":8902,"date":"2023-06-20T15:26:14","date_gmt":"2023-06-20T18:26:14","guid":{"rendered":"https:\/\/ikonbolsas.com.br\/bavemar\/?page_id=8902"},"modified":"2023-06-20T15:35:24","modified_gmt":"2023-06-20T18:35:24","slug":"historia","status":"publish","type":"page","link":"https:\/\/bavemar.com.br\/index.php\/historia\/","title":{"rendered":"Historia"},"content":{"rendered":"<p>[vc_row][vc_column]\n\t\t<div id=\"wd-6491eee9d3dda\" class=\"title-wrapper wd-wpb set-mb-s reset-last-child  wd-rs-6491eee9d3dda wd-title-color-default wd-title-style-underlined-2 text-center  wd-underline-colored\">\n\t\t\t\n\t\t\t<div class=\"liner-continer\">\n\t\t\t\t<h4 class=\"woodmart-title-container title  wd-font-weight- wd-fontsize-l\" >HIST\u00d3RIA<\/h4>\n\t\t\t\t\t\t\t<\/div>\n\t\t\t\n\t\t\t\n\t\t\t\n\t\t<\/div>\n\t\t\n\t\t[\/vc_column][\/vc_row][vc_row][vc_column width=&#8221;1\/2&#8243;]\t\t<div id=\"wd-6491ef06bbc69\" class=\"wd-text-block wd-wpb reset-last-child wd-rs-6491ef06bbc69 text-left font-alt \">\n\t\t\t<p>A Bavemar<\/p>\n<p>Foi fundada em 14 de abril de 1976, a Eletrot\u00e9cnica Bavemar \u00e9 uma das mais tradicionais empresas do setor de manuten\u00e7\u00e3o de motores e geradores el\u00e9tricos e ao longo de mais de seus 47 anos, tornou-se refer\u00eancia no segmento, dedicando-se na forma\u00e7\u00e3o de equipe t\u00e9cnica de profissionais altamente qualificada e devidamente registrada no CREA. Possuem credenciamento autorizada WEG Motores, WEG Energia\/Geradores, WEG Automa\u00e7\u00e3o, al\u00e9m de bombas Schneider e KSB, tanto para assist\u00eancia t\u00e9cnica quanto para revenda autorizada.<\/p>\n\t\t<\/div>\n\t\t\n\t\t<div id=\"wd-6491ef184b2bf\" class=\"title-wrapper wd-wpb set-mb-s reset-last-child  wd-rs-6491ef184b2bf wd-title-color-default wd-title-style-default text-center  wd-underline-colored\">\n\t\t\t\n\t\t\t<div class=\"liner-continer\">\n\t\t\t\t<h4 class=\"woodmart-title-container title  wd-font-weight- wd-fontsize-l\" >NEG\u00d3CIO<\/h4>\n\t\t\t\t\t\t\t<\/div>\n\t\t\t\n\t\t\t\n\t\t\t\n\t\t<\/div>\n\t\t\n\t\t\t\t<div id=\"wd-6491ef2b88522\" class=\"wd-text-block wd-wpb reset-last-child wd-rs-6491ef2b88522 text-left font-alt \">\n\t\t\t<p>Atuamos no ramo de presta\u00e7\u00e3o de servi\u00e7os em motores el\u00e9tricos, bombas e geradores. Somos distribuidor de toda linha de produtos WEG.<\/p>\n\t\t<\/div>\n\t\t[\/vc_column][vc_column width=&#8221;1\/2&#8243;][vc_single_image image=&#8221;8897&#8243; img_size=&#8221;500&#215;500&#8243; alignment=&#8221;center&#8221; parallax_scroll=&#8221;no&#8221; woodmart_inline=&#8221;no&#8221;][\/vc_column][\/vc_row]<\/p>\n","protected":false},"excerpt":{"rendered":"<p>[vc_row][vc_column][\/vc_column][\/vc_row][vc_row][vc_column width=&#8221;1\/2&#8243;][\/vc_column][vc_column width=&#8221;1\/2&#8243;][vc_single_image image=&#8221;8897&#8243; img_size=&#8221;500&#215;500&#8243; alignment=&#8221;center&#8221; parallax_scroll=&#8221;no&#8221; woodmart_inline=&#8221;no&#8221;][\/vc_column][\/vc_row]<\/p>\n","protected":false},"author":1,"featured_media":0,"parent":0,"menu_order":0,"comment_status":"closed","ping_status":"closed","template":"","meta":{"footnotes":""},"class_list":["post-8902","page","type-page","status-publish","hentry"],"_links":{"self":[{"href":"https:\/\/bavemar.com.br\/index.php\/wp-json\/wp\/v2\/pages\/8902","targetHints":{"allow":["GET"]}}],"collection":[{"href":"https:\/\/bavemar.com.br\/index.php\/wp-json\/wp\/v2\/pages"}],"about":[{"href":"https:\/\/bavemar.com.br\/index.php\/wp-json\/wp\/v2\/types\/page"}],"author":[{"embeddable":true,"href":"https:\/\/bavemar.com.br\/index.php\/wp-json\/wp\/v2\/users\/1"}],"replies":[{"embeddable":true,"href":"https:\/\/bavemar.com.br\/index.php\/wp-json\/wp\/v2\/comments?post=8902"}],"version-history":[{"count":1,"href":"https:\/\/bavemar.com.br\/index.php\/wp-json\/wp\/v2\/pages\/8902\/revisions"}],"predecessor-version":[{"id":8903,"href":"https:\/\/bavemar.com.br\/index.php\/wp-json\/wp\/v2\/pages\/8902\/revisions\/8903"}],"wp:attachment":[{"href":"https:\/\/bavemar.com.br\/index.php\/wp-json\/wp\/v2\/media?parent=8902"}],"curies":[{"name":"wp","href":"https:\/\/api.w.org\/{rel}","templated":true}]}}