{"id":8888,"date":"2023-06-20T14:04:52","date_gmt":"2023-06-20T17:04:52","guid":{"rendered":"https:\/\/ikonbolsas.com.br\/bavemar\/?page_id=8888"},"modified":"2023-06-20T14:19:37","modified_gmt":"2023-06-20T17:19:37","slug":"missao","status":"publish","type":"page","link":"https:\/\/bavemar.com.br\/index.php\/missao\/","title":{"rendered":"Miss\u00e3o"},"content":{"rendered":"<p>[vc_row][vc_column]\n\t\t<div id=\"wd-6491cad2a40e6\" class=\"title-wrapper wd-wpb set-mb-s reset-last-child  wd-rs-6491cad2a40e6 wd-title-color-default wd-title-style-underlined-2 text-center  wd-underline-colored\">\n\t\t\t\n\t\t\t<div class=\"liner-continer\">\n\t\t\t\t<h4 class=\"woodmart-title-container title  wd-font-weight- wd-fontsize-l\" >MISS\u00c3O<\/h4>\n\t\t\t\t\t\t\t<\/div>\n\t\t\t\n\t\t\t\n\t\t\t\n\t\t<\/div>\n\t\t\n\t\t[\/vc_column][\/vc_row][vc_row][vc_column width=&#8221;1\/2&#8243;]\t\t<div id=\"wd-6491db471cb0f\" class=\"wd-text-block wd-wpb reset-last-child wd-rs-6491db471cb0f text-left font-alt \">\n\t\t\t<p>Buscar um relacionamento humanizado com nossos Clientes, atendendo-os com excel\u00eancia, oferecendo servi\u00e7os e produtos com qualidade e pre\u00e7o justo.<\/p>\n\t\t<\/div>\n\t\t\n\t\t<div id=\"wd-6491dea49855f\" class=\"title-wrapper wd-wpb set-mb-s reset-last-child  wd-rs-6491dea49855f wd-title-color-default wd-title-style-underlined-2 text-center  wd-underline-colored\">\n\t\t\t\n\t\t\t<div class=\"liner-continer\">\n\t\t\t\t<h4 class=\"woodmart-title-container title  wd-font-weight- wd-fontsize-l\" >Objetivos de Desenvolvimento Sustent\u00e1vel<\/h4>\n\t\t\t\t\t\t\t<\/div>\n\t\t\t\n\t\t\t\n\t\t\t\n\t\t<\/div>\n\t\t\n\t\t\t\t<div id=\"wd-6491deeeb3ece\" class=\"wd-text-block wd-wpb reset-last-child wd-rs-6491deeeb3ece text-left font-alt \">\n\t\t\t<p>Iniciativa volunt\u00e1ria criada pela ONU que prop\u00f5e uma a\u00e7\u00e3o mundial coordenada entre a sociedade como um todo, setor privado, governos, sociedade civil, entre outros, a fim de alcan\u00e7ar os ODS, como s\u00e3o chamados. Os ODS est\u00e3o desdobrados em 17 objetivos e 169 metas que devem ser atingidas at\u00e9 2030.<\/p>\n<p>Como forma de reafirmar seu compromisso com a sustentabilidade,\u00a0 endossamos voluntariamente os Objetivos de Desenvolvimento Sustent\u00e1vel (ODS).<\/p>\n\t\t<\/div>\n\t\t[vc_single_image image=&#8221;8894&#8243; img_size=&#8221;full&#8221; alignment=&#8221;center&#8221; parallax_scroll=&#8221;no&#8221; woodmart_inline=&#8221;no&#8221;][\/vc_column][vc_column width=&#8221;1\/2&#8243;][vc_single_image image=&#8221;8889&#8243; img_size=&#8221;full&#8221; alignment=&#8221;center&#8221; parallax_scroll=&#8221;no&#8221; woodmart_inline=&#8221;no&#8221;][\/vc_column][\/vc_row]<\/p>\n","protected":false},"excerpt":{"rendered":"<p>[vc_row][vc_column][\/vc_column][\/vc_row][vc_row][vc_column width=&#8221;1\/2&#8243;][vc_single_image image=&#8221;8894&#8243; img_size=&#8221;full&#8221; alignment=&#8221;center&#8221; parallax_scroll=&#8221;no&#8221; woodmart_inline=&#8221;no&#8221;][\/vc_column][vc_column width=&#8221;1\/2&#8243;][vc_single_image image=&#8221;8889&#8243; img_size=&#8221;full&#8221; alignment=&#8221;center&#8221; parallax_scroll=&#8221;no&#8221; woodmart_inline=&#8221;no&#8221;][\/vc_column][\/vc_row]<\/p>\n","protected":false},"author":1,"featured_media":0,"parent":0,"menu_order":0,"comment_status":"closed","ping_status":"closed","template":"","meta":{"footnotes":""},"class_list":["post-8888","page","type-page","status-publish","hentry"],"_links":{"self":[{"href":"https:\/\/bavemar.com.br\/index.php\/wp-json\/wp\/v2\/pages\/8888","targetHints":{"allow":["GET"]}}],"collection":[{"href":"https:\/\/bavemar.com.br\/index.php\/wp-json\/wp\/v2\/pages"}],"about":[{"href":"https:\/\/bavemar.com.br\/index.php\/wp-json\/wp\/v2\/types\/page"}],"author":[{"embeddable":true,"href":"https:\/\/bavemar.com.br\/index.php\/wp-json\/wp\/v2\/users\/1"}],"replies":[{"embeddable":true,"href":"https:\/\/bavemar.com.br\/index.php\/wp-json\/wp\/v2\/comments?post=8888"}],"version-history":[{"count":4,"href":"https:\/\/bavemar.com.br\/index.php\/wp-json\/wp\/v2\/pages\/8888\/revisions"}],"predecessor-version":[{"id":8895,"href":"https:\/\/bavemar.com.br\/index.php\/wp-json\/wp\/v2\/pages\/8888\/revisions\/8895"}],"wp:attachment":[{"href":"https:\/\/bavemar.com.br\/index.php\/wp-json\/wp\/v2\/media?parent=8888"}],"curies":[{"name":"wp","href":"https:\/\/api.w.org\/{rel}","templated":true}]}}