{"id":4593,"date":"2021-08-17T14:47:46","date_gmt":"2021-08-17T14:47:46","guid":{"rendered":"http:\/\/dummy.xtemos.com\/woodmart2\/?page_id=4593"},"modified":"2023-05-15T20:17:39","modified_gmt":"2023-05-15T23:17:39","slug":"home-grocery","status":"publish","type":"page","link":"https:\/\/bavemar.com.br\/","title":{"rendered":"Home Grocery"},"content":{"rendered":"<p>[vc_row mobile_bg_img_hidden=&#8221;no&#8221; tablet_bg_img_hidden=&#8221;no&#8221; woodmart_parallax=&#8221;0&#8243; woodmart_gradient_switch=&#8221;no&#8221; row_reverse_mobile=&#8221;0&#8243; row_reverse_tablet=&#8221;0&#8243; woodmart_disable_overflow=&#8221;0&#8243;][vc_column css=&#8221;.vc_custom_1591719167739{margin-top: -40px !important;padding-top: 0px !important;}&#8221; mobile_bg_img_hidden=&#8221;no&#8221; tablet_bg_img_hidden=&#8221;no&#8221; woodmart_parallax=&#8221;0&#8243; woodmart_sticky_column=&#8221;false&#8221; parallax_scroll=&#8221;no&#8221; mobile_reset_margin=&#8221;no&#8221; tablet_reset_margin=&#8221;no&#8221;]\t\t\t<style>\t\t\t#slider-70 .wd-slide {\n\t\t\t\tmin-height: 580px;\n\t\t\t}\n\n\t\t\t@media (min-width: 1025px) {\n\t\t\t\t.browser-Internet #slider-70 .wd-slide {\n\t\t\t\t\theight: 580px;\n\t\t\t\t}\n\t\t\t}\n\n\t\t\t@media (max-width: 1024px) {\n\t\t\t\t#slider-70 .wd-slide {\n\t\t\t\t\tmin-height: 480px;\n\t\t\t\t}\n\t\t\t}\n\n\t\t\t@media (max-width: 767px) {\n\t\t\t\t#slider-70 .wd-slide {\n\t\t\t\t\tmin-height: 600px;\n\t\t\t\t}\n\t\t\t}\n\n\t\t\t\t\t\t\t#slide-4596.woodmart-loaded .wd-slide-bg {\n\t\t\t\t\tbackground-image:url(https:\/\/bavemar.com.br\/wp-content\/uploads\/2023\/05\/motores-weg.jpg);\t\t\t\t}\n\n\t\t\t\t#slide-4596 .wd-slide-bg {\n\t\t\t\t\tbackground-color:rgb(42,103,150);\t\t\t\t\tbackground-size:cover;\n\t\t\t\t\t\t\t\t\t\t\tbackground-position:center center;\t\t\t\t\t\t\t\t\t}\n\n\t\t\t\t\t\t\t\t\t#slide-4596 .wd-slide-inner {\n\t\t\t\t\t\tmax-width:1200px;\t\t\t\t\t}\n\t\t\t\t\n\t\t\t\t@media (max-width: 1024px) {\n\t\t\t\t\t\n\t\t\t\t\t\t\t\t\t\t\t#slide-4596 .wd-slide-inner {\n\t\t\t\t\t\t\tmax-width:1200px;\t\t\t\t\t\t}\n\t\t\t\t\t\n\t\t\t\t\t#slide-4596 .wd-slide-bg {\n\t\t\t\t\t\t\n\t\t\t\t\t\t\t\t\t\t\t\t\t\t\t\t\t\t\t\t\t\t\t\t}\n\t\t\t\t}\n\n\t\t\t\t@media (max-width: 767px) {\n\t\t\t\t\t\n\t\t\t\t\t\t\t\t\t\t\t#slide-4596 .wd-slide-inner {\n\t\t\t\t\t\t\tmax-width:500px;\t\t\t\t\t\t}\n\t\t\t\t\t\n\t\t\t\t\t#slide-4596 .wd-slide-bg {\n\t\t\t\t\t\t\n\t\t\t\t\t\t\t\t\t\t\t\t\t\t\t\t\t\t\t\t\t\t\t\t}\n\t\t\t\t}\n\n\t\t\t\t\n\t\t\t\t\t\t\t\t<\/style>\n\t\t\t\n\t\t\t<div id=\"slider-70\" data-id=\"70\" class=\"wd-slider-wrapper arrows-style-1 pagin-style- pagin-scheme-light anim-fade vc_row vc_row-fluid\" data-vc-full-width=\"true\" data-vc-full-width-init=\"true\" data-vc-stretch-content=\"true\" data-speed=\"20000\" data-wrap=\"yes\" data-autoplay=\"yes\" data-autoheight=\"yes\" data-hide_pagination_control=\"no\" data-hide_prev_next_buttons=\"no\" data-sliding_speed=\"900\" data-content_animation=\"1\" data-library=\"flickity\" data-desktop=\"1\" data-tablet=\"1\" data-tablet_landscape=\"1\" data-mobile=\"1\">\n\t\t\t\t<div class=\"wd-slider wd-autoplay-animations-off \">\n\t\t\t\t\t\t\t\t\t\t\t\t\t\t\t\t\t<div id=\"slide-4596\" class=\"wd-slide woodmart-loaded\" >\n\t\t\t\t\t\t\t\t\t\t\t\t\t\t<div class=\"container wd-slide-container wd-items-middle wd-justify-left content-fixed\">\n\t\t\t\t\t\t\t\t<div class=\"wd-slide-inner \">\n\t\t\t\t\t\t\t\t\t\t\t\t\t\t\t\t\t\t\t\t\t\t\t\t\t\t\t\t\t\t\t\t\t\t\t\t<\/div>\n\t\t\t\t\t\t\t<\/div>\n\n\t\t\t\t\t\t\t<div class=\"wd-slide-bg wd-fill\"><\/div>\n\t\t\t\t\t\t<\/div>\n\n\t\t\t\t\t\t\t\t\t\t\t\t\t\t\t\t\t\t\t\t\t\t\t\t\t\t\t\t<\/div>\n\t\t\t<\/div>\n\n\t\t\t\t\t\t\t<div class=\"vc_row-full-width vc_clearfix\"><\/div>\n\t\t\t\t\t[\/vc_column][\/vc_row][vc_row content_placement=&#8221;top&#8221; css=&#8221;.vc_custom_1629215307599{margin-bottom: 80px !important;padding-right: 15px !important;padding-left: 15px !important;}&#8221; mobile_bg_img_hidden=&#8221;no&#8221; tablet_bg_img_hidden=&#8221;no&#8221; woodmart_parallax=&#8221;0&#8243; woodmart_gradient_switch=&#8221;no&#8221; row_reverse_mobile=&#8221;0&#8243; row_reverse_tablet=&#8221;0&#8243; woodmart_disable_overflow=&#8221;0&#8243; wd_z_index=&#8221;yes&#8221; woodmart_css_id=&#8221;611bda47a3e09&#8243; responsive_spacing=&#8221;eyJwYXJhbV90eXBlIjoid29vZG1hcnRfcmVzcG9uc2l2ZV9zcGFjaW5nIiwic2VsZWN0b3JfaWQiOiI2MTFiZGE0N2EzZTA5Iiwic2hvcnRjb2RlIjoidmNfcm93IiwiZGF0YSI6eyJ0YWJsZXQiOnt9LCJtb2JpbGUiOnsibWFyZ2luLWJvdHRvbSI6IjYwIn19fQ==&#8221;][vc_column css=&#8221;.vc_custom_1629215160077{margin-top: -60px !important;margin-right: 7% !important;margin-left: 7% !important;padding-top: 0px !important;}&#8221; mobile_bg_img_hidden=&#8221;no&#8221; tablet_bg_img_hidden=&#8221;no&#8221; woodmart_parallax=&#8221;0&#8243; woodmart_sticky_column=&#8221;false&#8221; parallax_scroll=&#8221;no&#8221; mobile_reset_margin=&#8221;yes&#8221; tablet_reset_margin=&#8221;yes&#8221; wd_z_index=&#8221;no&#8221; woodmart_css_id=&#8221;611bd9b6437cf&#8221; responsive_spacing=&#8221;eyJwYXJhbV90eXBlIjoid29vZG1hcnRfcmVzcG9uc2l2ZV9zcGFjaW5nIiwic2VsZWN0b3JfaWQiOiI2MTFiZDliNjQzN2NmIiwic2hvcnRjb2RlIjoidmNfY29sdW1uIiwiZGF0YSI6eyJ0YWJsZXQiOnt9LCJtb2JpbGUiOnt9fX0=&#8221;][vc_row_inner content_placement=&#8221;middle&#8221; css=&#8221;.vc_custom_1591790676221{padding-top: 40px !important;background-color: #ffffff !important;}&#8221; el_class=&#8221;box-shadow-style-1&#8243; row_reverse_mobile=&#8221;0&#8243; row_reverse_tablet=&#8221;0&#8243;][vc_column_inner width=&#8221;1\/3&#8243; css=&#8221;.vc_custom_1591790726268{margin-bottom: 40px !important;border-right-width: 1px !important;padding-top: 0px !important;border-right-color: #e6e6e6 !important;border-right-style: solid !important;}&#8221;]\t\t\t<div class=\"info-box-wrapper\">\n\t\t\t\t<div id=\"wd-646258b79ccdf\" class=\" wd-rs-646258b79ccdf wd-info-box wd-wpb text-center box-icon-align-top box-style- color-scheme- wd-bg-none vc_custom_1684166879209\"  >\n\t\t\t\t\t\t\t\t\t\t\t<div class=\"box-icon-wrapper  box-with-icon box-icon-with-bg\">\n\t\t\t\t\t\t\t<div class=\"info-box-icon\">\n\n\t\t\t\t\t\t\t\n\t\t\t\t\t\t\t\t\t\t\t\t\t\t\t\t\t<img loading=\"lazy\" decoding=\"async\" class=\"info-icon image-1 \" src=\"https:\/\/bavemar.com.br\/wp-content\/uploads\/2023\/05\/360_F_336071994_jeJXJcdUTRMOIQ8u6E4qSYe6YZJAtXkT-removebg-preview-60x60.png\" width=\"60\" height=\"60\" alt=\"360_F_336071994_jeJXJcdUTRMOIQ8u6E4qSYe6YZJAtXkT-removebg-preview\" title=\"360_F_336071994_jeJXJcdUTRMOIQ8u6E4qSYe6YZJAtXkT-removebg-preview\" \/>\t\t\t\t\t\t\t\t\t\t\t\t\t\t\t\n\t\t\t\t\t\t\t<\/div>\n\t\t\t\t\t\t<\/div>\n\t\t\t\t\t\t\t\t\t\t<div class=\"info-box-content\">\n\t\t\t\t\t\t<h4 class=\"info-box-title title wd-font-weight- box-title-style-default wd-fontsize-m\">Conhe\u00e7a a Bavemar<\/h4>\t\t\t\t\t\t<div class=\"info-box-inner set-cont-mb-s reset-last-child\">\n\t\t\t\t\t\t\t<p>A BAVEMAR foi fundada em 14 de abril de 1.976, e ao longo desses 47 anos, dedicou-se na forma\u00e7\u00e3o de equipe t\u00e9cnica altamente qualificada.<\/p>\n\t\t\t\t\t\t<\/div>\n\n\t\t\t\t\t\t\t\t\t\t\t<\/div>\n\n\t\t\t\t\t\t\t\t\t<\/div>\n\t\t\t<\/div>\n\t\t[\/vc_column_inner][vc_column_inner width=&#8221;1\/3&#8243; css=&#8221;.vc_custom_1591790731133{margin-bottom: 40px !important;border-right-width: 1px !important;padding-top: 0px !important;border-right-color: #e6e6e6 !important;border-right-style: solid !important;}&#8221;]\t\t\t<div class=\"info-box-wrapper\">\n\t\t\t\t<div id=\"wd-6462593e6e5b5\" class=\" wd-rs-6462593e6e5b5 wd-info-box wd-wpb text-center box-icon-align-top box-style- color-scheme- wd-bg-none vc_custom_1684166984748\"  >\n\t\t\t\t\t\t\t\t\t\t\t<div class=\"box-icon-wrapper  box-with-icon box-icon-with-bg\">\n\t\t\t\t\t\t\t<div class=\"info-box-icon\">\n\n\t\t\t\t\t\t\t\n\t\t\t\t\t\t\t\t\t\t\t\t\t\t\t\t\t<img loading=\"lazy\" decoding=\"async\" class=\"info-icon image-1 \" src=\"https:\/\/bavemar.com.br\/wp-content\/uploads\/2023\/05\/360_F_336071994_jeJXJcdUTRMOIQ8u6E4qSYe6YZJAtXkT-removebg-preview-60x60.png\" width=\"60\" height=\"60\" alt=\"360_F_336071994_jeJXJcdUTRMOIQ8u6E4qSYe6YZJAtXkT-removebg-preview\" title=\"360_F_336071994_jeJXJcdUTRMOIQ8u6E4qSYe6YZJAtXkT-removebg-preview\" \/>\t\t\t\t\t\t\t\t\t\t\t\t\t\t\t\n\t\t\t\t\t\t\t<\/div>\n\t\t\t\t\t\t<\/div>\n\t\t\t\t\t\t\t\t\t\t<div class=\"info-box-content\">\n\t\t\t\t\t\t<h4 class=\"info-box-title title wd-font-weight- box-title-style-default wd-fontsize-m\">Nossos Servi\u00e7os<\/h4>\t\t\t\t\t\t<div class=\"info-box-inner set-cont-mb-s reset-last-child\">\n\t\t\t\t\t\t\t<p>Somos especializados na manuten\u00e7\u00e3o e enrolamento de motores el\u00e9tricos \u2013 CA e CC, geradores de energia, bombas d\u2019\u00e1gua e usina.<\/p>\n\t\t\t\t\t\t<\/div>\n\n\t\t\t\t\t\t\t\t\t\t\t<\/div>\n\n\t\t\t\t\t\t\t\t\t<\/div>\n\t\t\t<\/div>\n\t\t[\/vc_column_inner][vc_column_inner width=&#8221;1\/3&#8243; css=&#8221;.vc_custom_1591795131604{margin-bottom: 40px !important;padding-top: 0px !important;}&#8221;]\t\t\t<div class=\"info-box-wrapper\">\n\t\t\t\t<div id=\"wd-646259aa8cbf4\" class=\" wd-rs-646259aa8cbf4 wd-info-box wd-wpb text-center box-icon-align-top box-style- color-scheme- wd-bg-none vc_custom_1684167099717\"  >\n\t\t\t\t\t\t\t\t\t\t\t<div class=\"box-icon-wrapper  box-with-icon box-icon-with-bg\">\n\t\t\t\t\t\t\t<div class=\"info-box-icon\">\n\n\t\t\t\t\t\t\t\n\t\t\t\t\t\t\t\t\t\t\t\t\t\t\t\t\t<img loading=\"lazy\" decoding=\"async\" class=\"info-icon image-1 \" src=\"https:\/\/bavemar.com.br\/wp-content\/uploads\/2023\/05\/360_F_336071994_jeJXJcdUTRMOIQ8u6E4qSYe6YZJAtXkT-removebg-preview-60x60.png\" width=\"60\" height=\"60\" alt=\"360_F_336071994_jeJXJcdUTRMOIQ8u6E4qSYe6YZJAtXkT-removebg-preview\" title=\"360_F_336071994_jeJXJcdUTRMOIQ8u6E4qSYe6YZJAtXkT-removebg-preview\" \/>\t\t\t\t\t\t\t\t\t\t\t\t\t\t\t\n\t\t\t\t\t\t\t<\/div>\n\t\t\t\t\t\t<\/div>\n\t\t\t\t\t\t\t\t\t\t<div class=\"info-box-content\">\n\t\t\t\t\t\t<h4 class=\"info-box-title title wd-font-weight- box-title-style-default wd-fontsize-m\">Nossa Estrutura<\/h4>\t\t\t\t\t\t<div class=\"info-box-inner set-cont-mb-s reset-last-child\">\n\t\t\t\t\t\t\t<p>Contamos com uma excelente estrutura e temos equipamentos necess\u00e1rios para a presta\u00e7\u00e3o de nossos servi\u00e7os. Ponte Rolante 3TN- Tornos.<\/p>\n\t\t\t\t\t\t<\/div>\n\n\t\t\t\t\t\t\t\t\t\t\t<\/div>\n\n\t\t\t\t\t\t\t\t\t<\/div>\n\t\t\t<\/div>\n\t\t[\/vc_column_inner][\/vc_row_inner][\/vc_column][\/vc_row][vc_row css=&#8221;.vc_custom_1629215221517{margin-bottom: 60px !important;}&#8221; mobile_bg_img_hidden=&#8221;no&#8221; tablet_bg_img_hidden=&#8221;no&#8221; woodmart_parallax=&#8221;0&#8243; woodmart_gradient_switch=&#8221;no&#8221; row_reverse_mobile=&#8221;0&#8243; row_reverse_tablet=&#8221;0&#8243; woodmart_disable_overflow=&#8221;0&#8243; wd_z_index=&#8221;no&#8221; woodmart_css_id=&#8221;611bd9eeea3be&#8221; responsive_spacing=&#8221;eyJwYXJhbV90eXBlIjoid29vZG1hcnRfcmVzcG9uc2l2ZV9zcGFjaW5nIiwic2VsZWN0b3JfaWQiOiI2MTFiZDllZWVhM2JlIiwic2hvcnRjb2RlIjoidmNfcm93IiwiZGF0YSI6eyJ0YWJsZXQiOnt9LCJtb2JpbGUiOnsibWFyZ2luLWJvdHRvbSI6IjQwIn19fQ==&#8221;][vc_column width=&#8221;1\/3&#8243; css=&#8221;.vc_custom_1629215226112{margin-bottom: 20px !important;padding-top: 0px !important;}&#8221; mobile_bg_img_hidden=&#8221;no&#8221; tablet_bg_img_hidden=&#8221;no&#8221; woodmart_parallax=&#8221;0&#8243; woodmart_sticky_column=&#8221;false&#8221; parallax_scroll=&#8221;no&#8221; mobile_reset_margin=&#8221;no&#8221; tablet_reset_margin=&#8221;no&#8221; wd_z_index=&#8221;no&#8221; woodmart_css_id=&#8221;611bd9f96793a&#8221; responsive_spacing=&#8221;eyJwYXJhbV90eXBlIjoid29vZG1hcnRfcmVzcG9uc2l2ZV9zcGFjaW5nIiwic2VsZWN0b3JfaWQiOiI2MTFiZDlmOTY3OTNhIiwic2hvcnRjb2RlIjoidmNfY29sdW1uIiwiZGF0YSI6eyJ0YWJsZXQiOnt9LCJtb2JpbGUiOnt9fX0=&#8221;]\t\t<div class=\"promo-banner-wrapper  wd-rs-6462bc2da2085  wd-width-custom\">\n\t\t\t<div id=\"wd-6462bc2da2085\" class=\"promo-banner  banner-mask banner-hover-zoom color-scheme-light banner-btn-size-default banner-btn-style-default  cursor-pointer wd-underline-colored\"\t\t\t\t onclick=\"window.location.href='#'\"\t\t\t>\n\t\t\t\t<div class=\"main-wrapp-img\">\n\t\t\t\t\t<div class=\"banner-image wd-bg-position-center\" >\n\t\t\t\t\t\t<img loading=\"lazy\" decoding=\"async\" width=\"1160\" height=\"720\" src=\"https:\/\/bavemar.com.br\/wp-content\/uploads\/2023\/05\/missao-bavemar.jpg\" class=\"promo-banner-image attachment-full\" alt=\"\" title=\"missao-bavemar\" srcset=\"https:\/\/bavemar.com.br\/wp-content\/uploads\/2023\/05\/missao-bavemar.jpg 1160w, https:\/\/bavemar.com.br\/wp-content\/uploads\/2023\/05\/missao-bavemar-400x248.jpg 400w, https:\/\/bavemar.com.br\/wp-content\/uploads\/2023\/05\/missao-bavemar-768x477.jpg 768w, https:\/\/bavemar.com.br\/wp-content\/uploads\/2023\/05\/missao-bavemar-860x534.jpg 860w, https:\/\/bavemar.com.br\/wp-content\/uploads\/2023\/05\/missao-bavemar-430x267.jpg 430w, https:\/\/bavemar.com.br\/wp-content\/uploads\/2023\/05\/missao-bavemar-700x434.jpg 700w, https:\/\/bavemar.com.br\/wp-content\/uploads\/2023\/05\/missao-bavemar-150x93.jpg 150w\" sizes=\"auto, (max-width: 1160px) 100vw, 1160px\" \/>\t\t\t\t\t<\/div>\n\t\t\t\t<\/div>\n\n\t\t\t\t<div class=\"wrapper-content-banner wd-fill  wd-items-middle wd-justify-center\">\n\t\t\t\t\t<div class=\"content-banner text-center\">\n\t\t\t\t\t\t<div class=\"banner-title-wrap\">\n\t\t\t\t\t\t\t\t\t\t\t\t\t<\/div>\n\t\t\t\t\t\t\t\t\t\t\t\t\t<div class=\"banner-inner set-cont-mb-s reset-last-child \">\n\t\t\t\t\t\t\t\t<p>Buscar um relacionamento humanizado com nossos Clientes, atendendo-os com excel\u00eancia, oferecendo servi\u00e7os e produtos com qualidade e pre\u00e7o justo.<\/p>\n\t\t\t\t\t\t\t<\/div>\n\t\t\t\t\t\t\t\t\t\t\t\t\t\t\t\t\t<\/div>\n\t\t\t\t<\/div>\n\t\t\t\t\t\t\t<\/div>\n\t\t<\/div>\n\n\t\t[\/vc_column][vc_column width=&#8221;1\/3&#8243; css=&#8221;.vc_custom_1629215212037{margin-bottom: 20px !important;padding-top: 0px !important;}&#8221; mobile_bg_img_hidden=&#8221;no&#8221; tablet_bg_img_hidden=&#8221;no&#8221; woodmart_parallax=&#8221;0&#8243; woodmart_sticky_column=&#8221;false&#8221; parallax_scroll=&#8221;no&#8221; mobile_reset_margin=&#8221;no&#8221; tablet_reset_margin=&#8221;no&#8221; wd_z_index=&#8221;no&#8221; woodmart_css_id=&#8221;611bd9eb43f98&#8243; responsive_spacing=&#8221;eyJwYXJhbV90eXBlIjoid29vZG1hcnRfcmVzcG9uc2l2ZV9zcGFjaW5nIiwic2VsZWN0b3JfaWQiOiI2MTFiZDllYjQzZjk4Iiwic2hvcnRjb2RlIjoidmNfY29sdW1uIiwiZGF0YSI6eyJ0YWJsZXQiOnt9LCJtb2JpbGUiOnt9fX0=&#8221;]\t\t<div class=\"promo-banner-wrapper  wd-rs-6462bc52e5d03  wd-width-custom\">\n\t\t\t<div id=\"wd-6462bc52e5d03\" class=\"promo-banner  banner-mask banner-hover-zoom color-scheme-light banner-btn-size-default banner-btn-style-default  cursor-pointer wd-underline-colored\"\t\t\t\t onclick=\"window.location.href='#'\"\t\t\t>\n\t\t\t\t<div class=\"main-wrapp-img\">\n\t\t\t\t\t<div class=\"banner-image wd-bg-position-center\" >\n\t\t\t\t\t\t<img loading=\"lazy\" decoding=\"async\" width=\"1160\" height=\"720\" src=\"https:\/\/bavemar.com.br\/wp-content\/uploads\/2023\/05\/visao-bavemar.jpg\" class=\"promo-banner-image attachment-full\" alt=\"\" title=\"visao-bavemar\" srcset=\"https:\/\/bavemar.com.br\/wp-content\/uploads\/2023\/05\/visao-bavemar.jpg 1160w, https:\/\/bavemar.com.br\/wp-content\/uploads\/2023\/05\/visao-bavemar-400x248.jpg 400w, https:\/\/bavemar.com.br\/wp-content\/uploads\/2023\/05\/visao-bavemar-768x477.jpg 768w, https:\/\/bavemar.com.br\/wp-content\/uploads\/2023\/05\/visao-bavemar-860x534.jpg 860w, https:\/\/bavemar.com.br\/wp-content\/uploads\/2023\/05\/visao-bavemar-430x267.jpg 430w, https:\/\/bavemar.com.br\/wp-content\/uploads\/2023\/05\/visao-bavemar-700x434.jpg 700w, https:\/\/bavemar.com.br\/wp-content\/uploads\/2023\/05\/visao-bavemar-150x93.jpg 150w\" sizes=\"auto, (max-width: 1160px) 100vw, 1160px\" \/>\t\t\t\t\t<\/div>\n\t\t\t\t<\/div>\n\n\t\t\t\t<div class=\"wrapper-content-banner wd-fill  wd-items-middle wd-justify-center\">\n\t\t\t\t\t<div class=\"content-banner text-center\">\n\t\t\t\t\t\t<div class=\"banner-title-wrap\">\n\t\t\t\t\t\t\t\t\t\t\t\t\t<\/div>\n\t\t\t\t\t\t\t\t\t\t\t\t\t<div class=\"banner-inner set-cont-mb-s reset-last-child \">\n\t\t\t\t\t\t\t\t<p>Ser a principal refer\u00eancia na Baixada Santista no reparo, revis\u00e3o e recupera\u00e7\u00e3o de motores el\u00e9tricos de baixa tens\u00e3o CA at\u00e9 carca\u00e7a 355, com atendimento personalizado, sempre visando nossa qualidade t\u00e9cnica e cumprimento de nossos prazos.<\/p>\n\t\t\t\t\t\t\t<\/div>\n\t\t\t\t\t\t\t\t\t\t\t\t\t\t\t\t\t<\/div>\n\t\t\t\t<\/div>\n\t\t\t\t\t\t\t<\/div>\n\t\t<\/div>\n\n\t\t[\/vc_column][vc_column width=&#8221;1\/3&#8243;]\t\t<div class=\"promo-banner-wrapper  wd-rs-6462bc63e661e  wd-width-custom\">\n\t\t\t<div id=\"wd-6462bc63e661e\" class=\"promo-banner  banner-mask banner-hover-zoom color-scheme-light banner-btn-size-default banner-btn-style-default  cursor-pointer wd-underline-colored\"\t\t\t\t onclick=\"window.location.href='#'\"\t\t\t>\n\t\t\t\t<div class=\"main-wrapp-img\">\n\t\t\t\t\t<div class=\"banner-image wd-bg-position-center\" >\n\t\t\t\t\t\t<img loading=\"lazy\" decoding=\"async\" width=\"1160\" height=\"720\" src=\"https:\/\/bavemar.com.br\/wp-content\/uploads\/2023\/05\/valores-bavemar.jpg\" class=\"promo-banner-image attachment-full\" alt=\"\" title=\"valores-bavemar\" srcset=\"https:\/\/bavemar.com.br\/wp-content\/uploads\/2023\/05\/valores-bavemar.jpg 1160w, https:\/\/bavemar.com.br\/wp-content\/uploads\/2023\/05\/valores-bavemar-400x248.jpg 400w, https:\/\/bavemar.com.br\/wp-content\/uploads\/2023\/05\/valores-bavemar-768x477.jpg 768w, https:\/\/bavemar.com.br\/wp-content\/uploads\/2023\/05\/valores-bavemar-860x534.jpg 860w, https:\/\/bavemar.com.br\/wp-content\/uploads\/2023\/05\/valores-bavemar-430x267.jpg 430w, https:\/\/bavemar.com.br\/wp-content\/uploads\/2023\/05\/valores-bavemar-700x434.jpg 700w, https:\/\/bavemar.com.br\/wp-content\/uploads\/2023\/05\/valores-bavemar-150x93.jpg 150w\" sizes=\"auto, (max-width: 1160px) 100vw, 1160px\" \/>\t\t\t\t\t<\/div>\n\t\t\t\t<\/div>\n\n\t\t\t\t<div class=\"wrapper-content-banner wd-fill  wd-items-middle wd-justify-center\">\n\t\t\t\t\t<div class=\"content-banner text-center\">\n\t\t\t\t\t\t<div class=\"banner-title-wrap\">\n\t\t\t\t\t\t\t\t\t\t\t\t\t<\/div>\n\t\t\t\t\t\t\t\t\t\t\t\t\t<div class=\"banner-inner set-cont-mb-s reset-last-child \">\n\t\t\t\t\t\t\t\t<p>\u2022 \u00c9tica e comprometimento com nossos Clientes, colaboradores e fornecedores;<br \/>\n\u2022 Pronto atendimento com pre\u00e7o competitivo;<br \/>\n\u2022 Excel\u00eancia em qualidade e a determina\u00e7\u00e3o de oferecer aos nossos Clientes sempre a melhor solu\u00e7\u00e3o.<\/p>\n\t\t\t\t\t\t\t<\/div>\n\t\t\t\t\t\t\t\t\t\t\t\t\t\t\t\t\t<\/div>\n\t\t\t\t<\/div>\n\t\t\t\t\t\t\t<\/div>\n\t\t<\/div>\n\n\t\t[\/vc_column][\/vc_row][vc_row][vc_column width=&#8221;1\/2&#8243;][vc_video link=&#8221;https:\/\/www.youtube.com\/watch?v=wwJBLgxGTeI&#8221; image_poster_switch=&#8221;no&#8221;][\/vc_column][vc_column width=&#8221;1\/2&#8243;]\n\t\t<div id=\"wd-6462b024a5089\" class=\"title-wrapper wd-wpb set-mb-s reset-last-child  wd-rs-6462b024a5089 wd-title-color-default wd-title-style-underlined-2 text-center  wd-underline-colored\">\n\t\t\t\n\t\t\t<div class=\"liner-continer\">\n\t\t\t\t<h4 class=\"woodmart-title-container title  wd-font-weight- wd-fontsize-l\" >Conhe\u00e7a a BAVEMAR<\/h4>\n\t\t\t\t\t\t\t<\/div>\n\t\t\t\n\t\t\t\n\t\t\t\n\t\t<\/div>\n\t\t\n\t\t\t\t<div id=\"wd-6462add39b677\" class=\"wd-text-block wd-wpb reset-last-child wd-rs-6462add39b677 text-left \">\n\t\t\t<p>A BAVEMAR foi fundada em 14 de abril de 1.976, e ao longo desses 47 anos, dedicou-se na forma\u00e7\u00e3o de equipe t\u00e9cnica altamente qualificada.<\/p>\n<p>Possu\u00edmos equipamentos e ferramentas modernas. Todos os dias procuramos aprimorar a qualidade em nossos servi\u00e7os prestados.<\/p>\n\t\t<\/div>\n\t\t\n\t\t<div id=\"wd-6462b0a28ee6c\" class=\"title-wrapper wd-wpb set-mb-s reset-last-child  wd-rs-6462b0a28ee6c wd-title-color-default wd-title-style-underlined-2 text-center  wd-underline-colored\">\n\t\t\t\n\t\t\t<div class=\"liner-continer\">\n\t\t\t\t<h4 class=\"woodmart-title-container title  wd-font-weight- wd-fontsize-l\" >Autorizada WEG<\/h4>\n\t\t\t\t\t\t\t<\/div>\n\t\t\t\n\t\t\t\n\t\t\t\n\t\t<\/div>\n\t\t\n\t\t\t\t<div id=\"wd-6462b08a01620\" class=\"wd-text-block wd-wpb reset-last-child wd-rs-6462b08a01620 text-left \">\n\t\t\t<p>Atuamos no ramo de presta\u00e7\u00e3o de servi\u00e7os em motores el\u00e9tricos, bombas e geradores. Somos distribuidor de toda linha de produtos WEG.<\/p>\n\t\t<\/div>\n\t\t[\/vc_column][\/vc_row][vc_row][vc_column]\n\t\t<div id=\"wd-6462bd7730565\" class=\"title-wrapper wd-wpb set-mb-s reset-last-child  wd-rs-6462bd7730565 wd-title-color-default wd-title-style-underlined-2 text-center  wd-underline-colored\">\n\t\t\t\n\t\t\t<div class=\"liner-continer\">\n\t\t\t\t<h4 class=\"woodmart-title-container title  wd-font-weight- wd-fontsize-l\" >Nossos Parceiros<\/h4>\n\t\t\t\t\t\t\t<\/div>\n\t\t\t\n\t\t\t\n\t\t\t\n\t\t<\/div>\n\t\t\n\t\t[vc_single_image image=&#8221;8868&#8243; img_size=&#8221;full&#8221; alignment=&#8221;right&#8221; parallax_scroll=&#8221;no&#8221; woodmart_inline=&#8221;no&#8221;][\/vc_column][\/vc_row]<\/p>\n","protected":false},"excerpt":{"rendered":"<p>[vc_row mobile_bg_img_hidden=&#8221;no&#8221; tablet_bg_img_hidden=&#8221;no&#8221; woodmart_parallax=&#8221;0&#8243; woodmart_gradient_switch=&#8221;no&#8221; row_reverse_mobile=&#8221;0&#8243; row_reverse_tablet=&#8221;0&#8243; woodmart_disable_overflow=&#8221;0&#8243;][vc_column css=&#8221;.vc_custom_1591719167739{margin-top: -40px !important;padding-top: 0px !important;}&#8221; mobile_bg_img_hidden=&#8221;no&#8221; tablet_bg_img_hidden=&#8221;no&#8221; woodmart_parallax=&#8221;0&#8243; woodmart_sticky_column=&#8221;false&#8221; parallax_scroll=&#8221;no&#8221; mobile_reset_margin=&#8221;no&#8221; tablet_reset_margin=&#8221;no&#8221;][\/vc_column][\/vc_row][vc_row<\/p>\n","protected":false},"author":1,"featured_media":0,"parent":0,"menu_order":0,"comment_status":"closed","ping_status":"closed","template":"","meta":{"footnotes":""},"class_list":["post-4593","page","type-page","status-publish","hentry"],"_links":{"self":[{"href":"https:\/\/bavemar.com.br\/index.php\/wp-json\/wp\/v2\/pages\/4593","targetHints":{"allow":["GET"]}}],"collection":[{"href":"https:\/\/bavemar.com.br\/index.php\/wp-json\/wp\/v2\/pages"}],"about":[{"href":"https:\/\/bavemar.com.br\/index.php\/wp-json\/wp\/v2\/types\/page"}],"author":[{"embeddable":true,"href":"https:\/\/bavemar.com.br\/index.php\/wp-json\/wp\/v2\/users\/1"}],"replies":[{"embeddable":true,"href":"https:\/\/bavemar.com.br\/index.php\/wp-json\/wp\/v2\/comments?post=4593"}],"version-history":[{"count":29,"href":"https:\/\/bavemar.com.br\/index.php\/wp-json\/wp\/v2\/pages\/4593\/revisions"}],"predecessor-version":[{"id":8870,"href":"https:\/\/bavemar.com.br\/index.php\/wp-json\/wp\/v2\/pages\/4593\/revisions\/8870"}],"wp:attachment":[{"href":"https:\/\/bavemar.com.br\/index.php\/wp-json\/wp\/v2\/media?parent=4593"}],"curies":[{"name":"wp","href":"https:\/\/api.w.org\/{rel}","templated":true}]}}